{"id":25232,"date":"2018-06-29T14:50:56","date_gmt":"2018-06-29T13:50:56","guid":{"rendered":"https:\/\/staging.jamalfi.bio\/shop\/body-butter\/"},"modified":"2022-12-22T13:44:42","modified_gmt":"2022-12-22T13:44:42","slug":"burro-corpo","status":"publish","type":"product","link":"https:\/\/staging.jamalfi.bio\/it\/shop\/burro-corpo\/","title":{"rendered":"BURRO CORPO"},"content":{"rendered":"<p class=\"style-paragraph\" style=\"color: #767676;\">Burro Corpo che avvolge la pelle con un\u2019atmosfera magica e rievoca la brezza dei luoghi della Costiera Amalfitana. L\u2019Olio d\u2019Oliva Extravergine DOP, il Succo di Limone IGP e l\u2019Olio di Fico d\u2019India nutriente, tipici di queste terre, sono un mix di ingredienti dalle propriet\u00e0 emollienti che aiutano a mantenere la pelle idratata, liscia e setosa.<\/p>\n<p class=\"style-paragraph\" style=\"color: #767676;\">La Formula di questo prodotto di biocosmetica, \u00e8 ulteriormente arricchita con Olio di Argan Biologico, Burro di Karit\u00e8 e Squalene Vegetale che conferiscono propriet\u00e0 lenitive e protettive.<\/p>\n<p class=\"style-paragraph\" style=\"color: #767676;\">Per un risultato che coccola la pelle, applicatelo sulla parte del corpo da trattare\u2028e massaggiatelo delicatamente fino a completo assorbimento.<br \/>\nIl prodotto perfetto per le amanti della bio cosmetics.<\/p>\n<span class=\"et_bloom_bottom_trigger\"><\/span>","protected":false},"excerpt":{"rendered":"<p>Burro Corpo che avvolge la pelle con un\u2019atmosfera magica e rievoca la brezza dei luoghi della Costiera Amalfitana. L\u2019Olio d\u2019Oliva Extravergine DOP, il Succo di Limone IGP e l\u2019Olio di Fico d\u2019India nutriente, tipici di queste terre, sono un mix di ingredienti dalle propriet\u00e0 emollienti che aiutano a mantenere la pelle idratata, liscia e setosa.<\/p>\n<p><a href=\"https:\/\/staging.jamalfi.bio\/it\/burro-corpo-tutto-quello-che-ce-da-sapere-sul-prodotto-di-cosmesi-bio-jamalfi\/\">Scopri tutto quello che c&#8217;\u00e8 da sapere sul Burro Corpo Jamalfi<\/a><\/p>\n","protected":false},"featured_media":25184,"comment_status":"open","ping_status":"closed","template":"","meta":[],"product_cat":[67],"product_tag":[],"class_list":{"0":"post-25232","1":"product","2":"type-product","3":"status-publish","4":"has-post-thumbnail","6":"brand-jamalfi","7":"product_cat-linea-corpo","9":"first","10":"instock","11":"taxable","12":"shipping-taxable","13":"purchasable","14":"product-type-simple"},"yoast_head":"<!-- This site is optimized with the Yoast SEO plugin v23.4 - https:\/\/yoast.com\/wordpress\/plugins\/seo\/ -->\n<title>Burro Corpo Bio con sentori della Costa D&#039;Amalfi - Jamalfi Bio<\/title>\n<meta name=\"description\" content=\"Burro corpo con sentori della Costa d&#039;Amalfi. Ingredienti dalle propriet\u00e0 emollienti aiutano a mantenere la pelle idratata e setosa.\" \/>\n<meta name=\"robots\" content=\"noindex, follow, max-snippet:-1, max-image-preview:large, max-video-preview:-1\" \/>\n<meta property=\"og:locale\" content=\"it_IT\" \/>\n<meta property=\"og:type\" content=\"article\" \/>\n<meta property=\"og:title\" content=\"Burro Corpo Bio con sentori della Costa D&#039;Amalfi - Jamalfi Bio\" \/>\n<meta property=\"og:description\" content=\"Burro corpo con sentori della Costa d&#039;Amalfi. Ingredienti dalle propriet\u00e0 emollienti aiutano a mantenere la pelle idratata e setosa.\" \/>\n<meta property=\"og:url\" content=\"https:\/\/staging.jamalfi.bio\/it\/shop\/burro-corpo\/\" \/>\n<meta property=\"og:site_name\" content=\"Jamalfi Biocosmetics\" \/>\n<meta property=\"article:publisher\" content=\"http:\/\/www.facebook.com\/Jamalfibiocosmetics\/\" \/>\n<meta property=\"article:modified_time\" content=\"2022-12-22T13:44:42+00:00\" \/>\n<meta property=\"og:image\" content=\"https:\/\/staging.jamalfi.bio\/wp-content\/uploads\/2018\/07\/burro-corpo.jpg\" \/>\n\t<meta property=\"og:image:width\" content=\"900\" \/>\n\t<meta property=\"og:image:height\" content=\"1200\" \/>\n\t<meta property=\"og:image:type\" content=\"image\/jpeg\" \/>\n<meta name=\"twitter:card\" content=\"summary_large_image\" \/>\n<meta name=\"twitter:label1\" content=\"Tempo di lettura stimato\" \/>\n\t<meta name=\"twitter:data1\" content=\"1 minuto\" \/>\n<script type=\"application\/ld+json\" class=\"yoast-schema-graph\">{\"@context\":\"https:\/\/schema.org\",\"@graph\":[{\"@type\":\"WebPage\",\"@id\":\"https:\/\/staging.jamalfi.bio\/it\/shop\/burro-corpo\/\",\"url\":\"https:\/\/staging.jamalfi.bio\/it\/shop\/burro-corpo\/\",\"name\":\"Burro Corpo Bio con sentori della Costa D'Amalfi - Jamalfi Bio\",\"isPartOf\":{\"@id\":\"https:\/\/staging.jamalfi.bio\/it\/#website\"},\"primaryImageOfPage\":{\"@id\":\"https:\/\/staging.jamalfi.bio\/it\/shop\/burro-corpo\/#primaryimage\"},\"image\":{\"@id\":\"https:\/\/staging.jamalfi.bio\/it\/shop\/burro-corpo\/#primaryimage\"},\"thumbnailUrl\":\"https:\/\/staging.jamalfi.bio\/wp-content\/uploads\/2018\/07\/burro-corpo.jpg\",\"datePublished\":\"2018-06-29T13:50:56+00:00\",\"dateModified\":\"2022-12-22T13:44:42+00:00\",\"description\":\"Burro corpo con sentori della Costa d'Amalfi. Ingredienti dalle propriet\u00e0 emollienti aiutano a mantenere la pelle idratata e setosa.\",\"breadcrumb\":{\"@id\":\"https:\/\/staging.jamalfi.bio\/it\/shop\/burro-corpo\/#breadcrumb\"},\"inLanguage\":\"it-IT\",\"potentialAction\":[{\"@type\":\"ReadAction\",\"target\":[\"https:\/\/staging.jamalfi.bio\/it\/shop\/burro-corpo\/\"]}]},{\"@type\":\"ImageObject\",\"inLanguage\":\"it-IT\",\"@id\":\"https:\/\/staging.jamalfi.bio\/it\/shop\/burro-corpo\/#primaryimage\",\"url\":\"https:\/\/staging.jamalfi.bio\/wp-content\/uploads\/2018\/07\/burro-corpo.jpg\",\"contentUrl\":\"https:\/\/staging.jamalfi.bio\/wp-content\/uploads\/2018\/07\/burro-corpo.jpg\",\"width\":900,\"height\":1200},{\"@type\":\"BreadcrumbList\",\"@id\":\"https:\/\/staging.jamalfi.bio\/it\/shop\/burro-corpo\/#breadcrumb\",\"itemListElement\":[{\"@type\":\"ListItem\",\"position\":1,\"name\":\"Home\",\"item\":\"https:\/\/staging.jamalfi.bio\/it\/\"},{\"@type\":\"ListItem\",\"position\":2,\"name\":\"Shop\",\"item\":\"https:\/\/staging.jamalfi.bio\/it\/negozio\/\"},{\"@type\":\"ListItem\",\"position\":3,\"name\":\"BURRO CORPO\"}]},{\"@type\":\"WebSite\",\"@id\":\"https:\/\/staging.jamalfi.bio\/it\/#website\",\"url\":\"https:\/\/staging.jamalfi.bio\/it\/\",\"name\":\"Jamalfi Biocosmetics\",\"description\":\"Beauty Rituals from Amalfi Coast\",\"potentialAction\":[{\"@type\":\"SearchAction\",\"target\":{\"@type\":\"EntryPoint\",\"urlTemplate\":\"https:\/\/staging.jamalfi.bio\/it\/?s={search_term_string}\"},\"query-input\":{\"@type\":\"PropertyValueSpecification\",\"valueRequired\":true,\"valueName\":\"search_term_string\"}}],\"inLanguage\":\"it-IT\"}]}<\/script>\n<!-- \/ Yoast SEO plugin. -->","yoast_head_json":{"title":"Burro Corpo Bio con sentori della Costa D'Amalfi - Jamalfi Bio","description":"Burro corpo con sentori della Costa d'Amalfi. Ingredienti dalle propriet\u00e0 emollienti aiutano a mantenere la pelle idratata e setosa.","robots":{"index":"noindex","follow":"follow","max-snippet":"max-snippet:-1","max-image-preview":"max-image-preview:large","max-video-preview":"max-video-preview:-1"},"og_locale":"it_IT","og_type":"article","og_title":"Burro Corpo Bio con sentori della Costa D'Amalfi - Jamalfi Bio","og_description":"Burro corpo con sentori della Costa d'Amalfi. Ingredienti dalle propriet\u00e0 emollienti aiutano a mantenere la pelle idratata e setosa.","og_url":"https:\/\/staging.jamalfi.bio\/it\/shop\/burro-corpo\/","og_site_name":"Jamalfi Biocosmetics","article_publisher":"http:\/\/www.facebook.com\/Jamalfibiocosmetics\/","article_modified_time":"2022-12-22T13:44:42+00:00","og_image":[{"width":900,"height":1200,"url":"https:\/\/staging.jamalfi.bio\/wp-content\/uploads\/2018\/07\/burro-corpo.jpg","type":"image\/jpeg"}],"twitter_card":"summary_large_image","twitter_misc":{"Tempo di lettura stimato":"1 minuto"},"schema":{"@context":"https:\/\/schema.org","@graph":[{"@type":"WebPage","@id":"https:\/\/staging.jamalfi.bio\/it\/shop\/burro-corpo\/","url":"https:\/\/staging.jamalfi.bio\/it\/shop\/burro-corpo\/","name":"Burro Corpo Bio con sentori della Costa D'Amalfi - Jamalfi Bio","isPartOf":{"@id":"https:\/\/staging.jamalfi.bio\/it\/#website"},"primaryImageOfPage":{"@id":"https:\/\/staging.jamalfi.bio\/it\/shop\/burro-corpo\/#primaryimage"},"image":{"@id":"https:\/\/staging.jamalfi.bio\/it\/shop\/burro-corpo\/#primaryimage"},"thumbnailUrl":"https:\/\/staging.jamalfi.bio\/wp-content\/uploads\/2018\/07\/burro-corpo.jpg","datePublished":"2018-06-29T13:50:56+00:00","dateModified":"2022-12-22T13:44:42+00:00","description":"Burro corpo con sentori della Costa d'Amalfi. Ingredienti dalle propriet\u00e0 emollienti aiutano a mantenere la pelle idratata e setosa.","breadcrumb":{"@id":"https:\/\/staging.jamalfi.bio\/it\/shop\/burro-corpo\/#breadcrumb"},"inLanguage":"it-IT","potentialAction":[{"@type":"ReadAction","target":["https:\/\/staging.jamalfi.bio\/it\/shop\/burro-corpo\/"]}]},{"@type":"ImageObject","inLanguage":"it-IT","@id":"https:\/\/staging.jamalfi.bio\/it\/shop\/burro-corpo\/#primaryimage","url":"https:\/\/staging.jamalfi.bio\/wp-content\/uploads\/2018\/07\/burro-corpo.jpg","contentUrl":"https:\/\/staging.jamalfi.bio\/wp-content\/uploads\/2018\/07\/burro-corpo.jpg","width":900,"height":1200},{"@type":"BreadcrumbList","@id":"https:\/\/staging.jamalfi.bio\/it\/shop\/burro-corpo\/#breadcrumb","itemListElement":[{"@type":"ListItem","position":1,"name":"Home","item":"https:\/\/staging.jamalfi.bio\/it\/"},{"@type":"ListItem","position":2,"name":"Shop","item":"https:\/\/staging.jamalfi.bio\/it\/negozio\/"},{"@type":"ListItem","position":3,"name":"BURRO CORPO"}]},{"@type":"WebSite","@id":"https:\/\/staging.jamalfi.bio\/it\/#website","url":"https:\/\/staging.jamalfi.bio\/it\/","name":"Jamalfi Biocosmetics","description":"Beauty Rituals from Amalfi Coast","potentialAction":[{"@type":"SearchAction","target":{"@type":"EntryPoint","urlTemplate":"https:\/\/staging.jamalfi.bio\/it\/?s={search_term_string}"},"query-input":{"@type":"PropertyValueSpecification","valueRequired":true,"valueName":"search_term_string"}}],"inLanguage":"it-IT"}]}},"_links":{"self":[{"href":"https:\/\/staging.jamalfi.bio\/it\/wp-json\/wp\/v2\/product\/25232"}],"collection":[{"href":"https:\/\/staging.jamalfi.bio\/it\/wp-json\/wp\/v2\/product"}],"about":[{"href":"https:\/\/staging.jamalfi.bio\/it\/wp-json\/wp\/v2\/types\/product"}],"replies":[{"embeddable":true,"href":"https:\/\/staging.jamalfi.bio\/it\/wp-json\/wp\/v2\/comments?post=25232"}],"wp:featuredmedia":[{"embeddable":true,"href":"https:\/\/staging.jamalfi.bio\/it\/wp-json\/wp\/v2\/media\/25184"}],"wp:attachment":[{"href":"https:\/\/staging.jamalfi.bio\/it\/wp-json\/wp\/v2\/media?parent=25232"}],"wp:term":[{"taxonomy":"product_cat","embeddable":true,"href":"https:\/\/staging.jamalfi.bio\/it\/wp-json\/wp\/v2\/product_cat?post=25232"},{"taxonomy":"product_tag","embeddable":true,"href":"https:\/\/staging.jamalfi.bio\/it\/wp-json\/wp\/v2\/product_tag?post=25232"}],"curies":[{"name":"wp","href":"https:\/\/api.w.org\/{rel}","templated":true}]}}