{"id":25321,"date":"2018-06-29T14:54:29","date_gmt":"2018-06-29T13:54:29","guid":{"rendered":"https:\/\/staging.jamalfi.bio\/shop\/body-oil\/"},"modified":"2022-12-22T13:43:22","modified_gmt":"2022-12-22T13:43:22","slug":"olio-corpo","status":"publish","type":"product","link":"https:\/\/staging.jamalfi.bio\/it\/shop\/olio-corpo\/","title":{"rendered":"OLIO CORPO"},"content":{"rendered":"<p class=\"style-paragraph\" style=\"color: #767676;\">Olio Corpo nutriente ideale per donare alla pelle elasticit\u00e0 e morbidezza. Ricco di Olio di Fico d\u2019India che contiene naturalmente Vitamina E ed acidi grassi essenziali quali Omega 3, 6, 9, dalle propriet\u00e0 antiossidanti, rigenerative ed idratanti, questo prodotto cosmetico bio \u00e8 ideale per contrastare i segni dell\u2019invecchiamento.<\/p>\n<p class=\"style-paragraph\" style=\"color: #767676;\">Grazie alla sinergia con l\u2019Olio d\u2019Oliva Extravergine DOP Biologico della Costiera Amalfitana aiuta a ritrovare la corretta elasticit\u00e0 della pelle. Il prodotto \u00e8 arricchito con Estratto di Calendula ad azione lenitiva per pelli danneggiate ed irritate.<\/p>\n<p><strong>MODO D&#8217;USO<\/strong><\/p>\n<p class=\"style-paragraph\" style=\"color: #767676;\">Si consiglia di applicare la giusta quantit\u00e0 di olio sul palmo della mano e massaggiare sul corpo sino a completo assorbimento.<\/p>\n<p>Penetrando in profondit\u00e0, grazie alla sua\u00a0 texture, l&#8217;olio corpo di Jamalfi protegge l\u2019epidermide, rallenta la disidratazione e nutre i tessuti della cute, mentre la protegge.<\/p>\n<p><strong>BEAUTY BOX PER LA ROUTINE VISO E CORPO QUOTIDIANA<\/strong><\/p>\n<p>Hai gi\u00e0 visto le box Jamalfi? Quattro proposte di cosmetici biologici ideali per il risultato che vuoi ottenere per la tua pelle. Pi\u00f9 prodotti associati per garantirti l\u2019effetto che desideri con un\u2019accurata beauty routine. I prodotti acquistati in una box risultato scontati del 25%.<\/p>\n<p>Scopri la\u00a0<a href=\"https:\/\/staging.jamalfi.bio\/it\/shop\/beauty-box-skincare-routine\/\">Box Bio Skincare<\/a>, la\u00a0<a href=\"https:\/\/staging.jamalfi.bio\/it\/shop\/box-acido-ialuronico\/\">Box Acido Ialuronico,<\/a>\u00a0la\u00a0<a href=\"https:\/\/staging.jamalfi.bio\/it\/shop\/box-per-pelle-sensibile\/\">Box Pelle Sensibile<\/a>\u00a0e la\u00a0<a href=\"https:\/\/staging.jamalfi.bio\/it\/shop\/box-glow-cosmetici-biologici\/\">Box Glow.<\/a><\/p>\n<span class=\"et_bloom_bottom_trigger\"><\/span>","protected":false},"excerpt":{"rendered":"<p>L\u2019Olio Corpo nutriente \u00e8 ideale per donare alla pelle elasticit\u00e0 e morbidezza. Ricco di olio di Fico d\u2019india, si assorbe immediatamente sulla pelle sia umida che asciutta.<\/p>\n","protected":false},"featured_media":25198,"comment_status":"open","ping_status":"closed","template":"","meta":[],"product_cat":[67],"product_tag":[],"class_list":{"0":"post-25321","1":"product","2":"type-product","3":"status-publish","4":"has-post-thumbnail","6":"brand-jamalfi","7":"product_cat-linea-corpo","9":"first","10":"instock","11":"taxable","12":"shipping-taxable","13":"purchasable","14":"product-type-simple"},"yoast_head":"<!-- This site is optimized with the Yoast SEO plugin v23.4 - https:\/\/yoast.com\/wordpress\/plugins\/seo\/ -->\n<title>Olio corpo bio- Pi\u00f9 morbidezza ed elasticit\u00e0 alla pelle - Jamalfi Bio<\/title>\n<meta name=\"description\" content=\"L&#039;Olio Corpo bio Jamalfi contrasta i segni dell&#039;invecchiamento, dona pi\u00f9 elasticit\u00e0 e morbidezza alla pelle e agisce con azione lenitiva.\" \/>\n<meta name=\"robots\" content=\"noindex, follow, max-snippet:-1, max-image-preview:large, max-video-preview:-1\" \/>\n<meta property=\"og:locale\" content=\"it_IT\" \/>\n<meta property=\"og:type\" content=\"article\" \/>\n<meta property=\"og:title\" content=\"Olio Corpo biologico Jamalfi - pi\u00f9 elasticit\u00e0 e morbidezza alla pelle\" \/>\n<meta property=\"og:description\" content=\"L&#039;Olio Corpo bio Jamalfi contrasta i segni dell&#039;invecchiamento, dona pi\u00f9 elasticit\u00e0 e morbidezza alla pelle e agisce con azione lenitiva.\" \/>\n<meta property=\"og:url\" content=\"https:\/\/staging.jamalfi.bio\/it\/shop\/olio-corpo\/\" \/>\n<meta property=\"og:site_name\" content=\"Jamalfi Biocosmetics\" \/>\n<meta property=\"article:publisher\" content=\"http:\/\/www.facebook.com\/Jamalfibiocosmetics\/\" \/>\n<meta property=\"article:modified_time\" content=\"2022-12-22T13:43:22+00:00\" \/>\n<meta property=\"og:image\" content=\"https:\/\/staging.jamalfi.bio\/wp-content\/uploads\/2018\/07\/olio-corpo-secco.jpg\" \/>\n\t<meta property=\"og:image:width\" content=\"900\" \/>\n\t<meta property=\"og:image:height\" content=\"1200\" \/>\n\t<meta property=\"og:image:type\" content=\"image\/jpeg\" \/>\n<meta name=\"twitter:card\" content=\"summary_large_image\" \/>\n<meta name=\"twitter:label1\" content=\"Tempo di lettura stimato\" \/>\n\t<meta name=\"twitter:data1\" content=\"1 minuto\" \/>\n<script type=\"application\/ld+json\" class=\"yoast-schema-graph\">{\"@context\":\"https:\/\/schema.org\",\"@graph\":[{\"@type\":\"WebPage\",\"@id\":\"https:\/\/staging.jamalfi.bio\/it\/shop\/olio-corpo\/\",\"url\":\"https:\/\/staging.jamalfi.bio\/it\/shop\/olio-corpo\/\",\"name\":\"Olio corpo bio- Pi\u00f9 morbidezza ed elasticit\u00e0 alla pelle - Jamalfi Bio\",\"isPartOf\":{\"@id\":\"https:\/\/staging.jamalfi.bio\/it\/#website\"},\"primaryImageOfPage\":{\"@id\":\"https:\/\/staging.jamalfi.bio\/it\/shop\/olio-corpo\/#primaryimage\"},\"image\":{\"@id\":\"https:\/\/staging.jamalfi.bio\/it\/shop\/olio-corpo\/#primaryimage\"},\"thumbnailUrl\":\"https:\/\/staging.jamalfi.bio\/wp-content\/uploads\/2018\/07\/olio-corpo-secco.jpg\",\"datePublished\":\"2018-06-29T13:54:29+00:00\",\"dateModified\":\"2022-12-22T13:43:22+00:00\",\"description\":\"L'Olio Corpo bio Jamalfi contrasta i segni dell'invecchiamento, dona pi\u00f9 elasticit\u00e0 e morbidezza alla pelle e agisce con azione lenitiva.\",\"breadcrumb\":{\"@id\":\"https:\/\/staging.jamalfi.bio\/it\/shop\/olio-corpo\/#breadcrumb\"},\"inLanguage\":\"it-IT\",\"potentialAction\":[{\"@type\":\"ReadAction\",\"target\":[\"https:\/\/staging.jamalfi.bio\/it\/shop\/olio-corpo\/\"]}]},{\"@type\":\"ImageObject\",\"inLanguage\":\"it-IT\",\"@id\":\"https:\/\/staging.jamalfi.bio\/it\/shop\/olio-corpo\/#primaryimage\",\"url\":\"https:\/\/staging.jamalfi.bio\/wp-content\/uploads\/2018\/07\/olio-corpo-secco.jpg\",\"contentUrl\":\"https:\/\/staging.jamalfi.bio\/wp-content\/uploads\/2018\/07\/olio-corpo-secco.jpg\",\"width\":900,\"height\":1200,\"caption\":\"olio corpo\"},{\"@type\":\"BreadcrumbList\",\"@id\":\"https:\/\/staging.jamalfi.bio\/it\/shop\/olio-corpo\/#breadcrumb\",\"itemListElement\":[{\"@type\":\"ListItem\",\"position\":1,\"name\":\"Home\",\"item\":\"https:\/\/staging.jamalfi.bio\/it\/\"},{\"@type\":\"ListItem\",\"position\":2,\"name\":\"Shop\",\"item\":\"https:\/\/staging.jamalfi.bio\/it\/negozio\/\"},{\"@type\":\"ListItem\",\"position\":3,\"name\":\"OLIO CORPO\"}]},{\"@type\":\"WebSite\",\"@id\":\"https:\/\/staging.jamalfi.bio\/it\/#website\",\"url\":\"https:\/\/staging.jamalfi.bio\/it\/\",\"name\":\"Jamalfi Biocosmetics\",\"description\":\"Beauty Rituals from Amalfi Coast\",\"potentialAction\":[{\"@type\":\"SearchAction\",\"target\":{\"@type\":\"EntryPoint\",\"urlTemplate\":\"https:\/\/staging.jamalfi.bio\/it\/?s={search_term_string}\"},\"query-input\":{\"@type\":\"PropertyValueSpecification\",\"valueRequired\":true,\"valueName\":\"search_term_string\"}}],\"inLanguage\":\"it-IT\"}]}<\/script>\n<!-- \/ Yoast SEO plugin. -->","yoast_head_json":{"title":"Olio corpo bio- Pi\u00f9 morbidezza ed elasticit\u00e0 alla pelle - Jamalfi Bio","description":"L'Olio Corpo bio Jamalfi contrasta i segni dell'invecchiamento, dona pi\u00f9 elasticit\u00e0 e morbidezza alla pelle e agisce con azione lenitiva.","robots":{"index":"noindex","follow":"follow","max-snippet":"max-snippet:-1","max-image-preview":"max-image-preview:large","max-video-preview":"max-video-preview:-1"},"og_locale":"it_IT","og_type":"article","og_title":"Olio Corpo biologico Jamalfi - pi\u00f9 elasticit\u00e0 e morbidezza alla pelle","og_description":"L'Olio Corpo bio Jamalfi contrasta i segni dell'invecchiamento, dona pi\u00f9 elasticit\u00e0 e morbidezza alla pelle e agisce con azione lenitiva.","og_url":"https:\/\/staging.jamalfi.bio\/it\/shop\/olio-corpo\/","og_site_name":"Jamalfi Biocosmetics","article_publisher":"http:\/\/www.facebook.com\/Jamalfibiocosmetics\/","article_modified_time":"2022-12-22T13:43:22+00:00","og_image":[{"width":900,"height":1200,"url":"https:\/\/staging.jamalfi.bio\/wp-content\/uploads\/2018\/07\/olio-corpo-secco.jpg","type":"image\/jpeg"}],"twitter_card":"summary_large_image","twitter_misc":{"Tempo di lettura stimato":"1 minuto"},"schema":{"@context":"https:\/\/schema.org","@graph":[{"@type":"WebPage","@id":"https:\/\/staging.jamalfi.bio\/it\/shop\/olio-corpo\/","url":"https:\/\/staging.jamalfi.bio\/it\/shop\/olio-corpo\/","name":"Olio corpo bio- Pi\u00f9 morbidezza ed elasticit\u00e0 alla pelle - Jamalfi Bio","isPartOf":{"@id":"https:\/\/staging.jamalfi.bio\/it\/#website"},"primaryImageOfPage":{"@id":"https:\/\/staging.jamalfi.bio\/it\/shop\/olio-corpo\/#primaryimage"},"image":{"@id":"https:\/\/staging.jamalfi.bio\/it\/shop\/olio-corpo\/#primaryimage"},"thumbnailUrl":"https:\/\/staging.jamalfi.bio\/wp-content\/uploads\/2018\/07\/olio-corpo-secco.jpg","datePublished":"2018-06-29T13:54:29+00:00","dateModified":"2022-12-22T13:43:22+00:00","description":"L'Olio Corpo bio Jamalfi contrasta i segni dell'invecchiamento, dona pi\u00f9 elasticit\u00e0 e morbidezza alla pelle e agisce con azione lenitiva.","breadcrumb":{"@id":"https:\/\/staging.jamalfi.bio\/it\/shop\/olio-corpo\/#breadcrumb"},"inLanguage":"it-IT","potentialAction":[{"@type":"ReadAction","target":["https:\/\/staging.jamalfi.bio\/it\/shop\/olio-corpo\/"]}]},{"@type":"ImageObject","inLanguage":"it-IT","@id":"https:\/\/staging.jamalfi.bio\/it\/shop\/olio-corpo\/#primaryimage","url":"https:\/\/staging.jamalfi.bio\/wp-content\/uploads\/2018\/07\/olio-corpo-secco.jpg","contentUrl":"https:\/\/staging.jamalfi.bio\/wp-content\/uploads\/2018\/07\/olio-corpo-secco.jpg","width":900,"height":1200,"caption":"olio corpo"},{"@type":"BreadcrumbList","@id":"https:\/\/staging.jamalfi.bio\/it\/shop\/olio-corpo\/#breadcrumb","itemListElement":[{"@type":"ListItem","position":1,"name":"Home","item":"https:\/\/staging.jamalfi.bio\/it\/"},{"@type":"ListItem","position":2,"name":"Shop","item":"https:\/\/staging.jamalfi.bio\/it\/negozio\/"},{"@type":"ListItem","position":3,"name":"OLIO CORPO"}]},{"@type":"WebSite","@id":"https:\/\/staging.jamalfi.bio\/it\/#website","url":"https:\/\/staging.jamalfi.bio\/it\/","name":"Jamalfi Biocosmetics","description":"Beauty Rituals from Amalfi Coast","potentialAction":[{"@type":"SearchAction","target":{"@type":"EntryPoint","urlTemplate":"https:\/\/staging.jamalfi.bio\/it\/?s={search_term_string}"},"query-input":{"@type":"PropertyValueSpecification","valueRequired":true,"valueName":"search_term_string"}}],"inLanguage":"it-IT"}]}},"_links":{"self":[{"href":"https:\/\/staging.jamalfi.bio\/it\/wp-json\/wp\/v2\/product\/25321"}],"collection":[{"href":"https:\/\/staging.jamalfi.bio\/it\/wp-json\/wp\/v2\/product"}],"about":[{"href":"https:\/\/staging.jamalfi.bio\/it\/wp-json\/wp\/v2\/types\/product"}],"replies":[{"embeddable":true,"href":"https:\/\/staging.jamalfi.bio\/it\/wp-json\/wp\/v2\/comments?post=25321"}],"wp:featuredmedia":[{"embeddable":true,"href":"https:\/\/staging.jamalfi.bio\/it\/wp-json\/wp\/v2\/media\/25198"}],"wp:attachment":[{"href":"https:\/\/staging.jamalfi.bio\/it\/wp-json\/wp\/v2\/media?parent=25321"}],"wp:term":[{"taxonomy":"product_cat","embeddable":true,"href":"https:\/\/staging.jamalfi.bio\/it\/wp-json\/wp\/v2\/product_cat?post=25321"},{"taxonomy":"product_tag","embeddable":true,"href":"https:\/\/staging.jamalfi.bio\/it\/wp-json\/wp\/v2\/product_tag?post=25321"}],"curies":[{"name":"wp","href":"https:\/\/api.w.org\/{rel}","templated":true}]}}