{"id":25915,"date":"2019-07-04T17:53:12","date_gmt":"2019-07-04T16:53:13","guid":{"rendered":"https:\/\/staging.jamalfi.bio\/?post_type=product&#038;p=25915"},"modified":"2022-12-22T13:41:11","modified_gmt":"2022-12-22T13:41:11","slug":"gel-esfoliante-enzimatico","status":"publish","type":"product","link":"https:\/\/staging.jamalfi.bio\/it\/shop\/gel-esfoliante-enzimatico\/","title":{"rendered":"GEL ESFOLIANTE ENZIMATICO"},"content":{"rendered":"<p class=\"style-paragraph\" style=\"color: #767676;\">Il Gel Esfoliante Enzimatico contiene Liposomi di Succo di Limone IGP della Costiera Amalfitana, sfere impercettibili costituite da lipidi, la cui composizione risulta biocompatibile con lo strato superficiale della pelle. I liposomi fondendosi con il derma, rilasciano il loro contenuto, ci\u00f2 si traduce in una maggiore biodisponibilit\u00e0 del Succo di Limone a livello della cute favorendone nutrimento e idratazione. L\u2019Acido Mandelico, la Bromelina e la Papaina contenuti all&#8217;interno del gel Jamalfi stimolano il rinnovamento cellulare eliminando le cellule morte con la loro azione esfoliante e donano alla pelle luminosit\u00e0 e vitalit\u00e0. Questo gel di cosmetica bio \u00e8 adatto a tutti i tipi di pelle, anche le pi\u00f9 delicate. Favorisce il rinnovamento cellulare con un\u2019esfoliazione enzimatica non aggressiva.<\/p>\n<p class=\"style-paragraph\" style=\"color: #767676;\"><strong>MODO D\u2019USO:<\/strong> applicare il prodotto con un leggero massaggio su viso e collo, evitando la<br \/>\nzona perioculare. Lasciare agire per 5\/10 minuti a seconda del tipo di pelle e infine<br \/>\nrisciacquare con acqua tiepida.<\/p>\n<p>Questo esfoliante con formula organica \u00e8 ideale per le bio cosmetics lovers.<\/p>\n<p><strong>BEAUTY BOX PER LA ROUTINE VISO E CORPO QUOTIDIANA<\/strong><\/p>\n<p>Hai gi\u00e0 visto le box Jamalfi che contengono i cosmetici biologici ideali per il risultato che vuoi ottenere per la tua pelle? Pi\u00f9 prodotti associati per garantirti l\u2019effetto che desideri per la tua pelle con un\u2019accurata beauty routine ad un prezzo scontato del 25%.<\/p>\n<p>Scopri la\u00a0<a href=\"https:\/\/staging.jamalfi.bio\/it\/shop\/beauty-box-skincare-routine\/\">Box Bio Skincare<\/a>, la\u00a0<a href=\"https:\/\/staging.jamalfi.bio\/it\/shop\/box-acido-ialuronico\/\">Box Acido Ialuronico,<\/a> la <a href=\"https:\/\/staging.jamalfi.bio\/it\/shop\/box-per-pelle-sensibile\/\">Box Pelle Sensibile<\/a> e la <a href=\"https:\/\/staging.jamalfi.bio\/it\/shop\/box-glow-cosmetici-biologici\/\">Box Glow.<\/a><\/p>\n<p>&nbsp;<\/p>\n<span class=\"et_bloom_bottom_trigger\"><\/span>","protected":false},"excerpt":{"rendered":"<p>Gel Esfoliante Enzimatico a base di Bromelina, Papaina ed Acido Mandelico, che aiutano ad eliminare le cellule morte e stimolare il rinnovamento cellulare. L\u2019estratto di Camomilla Biologico e il Succo di Aloe Vera Biologico, noti rinfrescanti e lenitivi, in sinergia con un blend esclusivo di ingredienti provenienti dalla Costiera Amalfitana, come il Succo di Limone IGP e l\u2019Olio di Oliva DOP contenuti nel gel Jamalfi, donano vitalit\u00e0 e luminosit\u00e0 alla pelle del viso.<\/p>\n","protected":false},"featured_media":25928,"comment_status":"open","ping_status":"closed","template":"","meta":[],"product_cat":[68],"product_tag":[],"class_list":{"0":"post-25915","1":"product","2":"type-product","3":"status-publish","4":"has-post-thumbnail","6":"brand-jamalfi","7":"product_cat-linea-viso","9":"first","10":"outofstock","11":"taxable","12":"shipping-taxable","13":"purchasable","14":"product-type-simple"},"yoast_head":"<!-- This site is optimized with the Yoast SEO plugin v23.4 - https:\/\/yoast.com\/wordpress\/plugins\/seo\/ -->\n<title>Esfoliante viso e corpo - Gel Esfoliante Enzimatico rinnovamento cellulare<\/title>\n<meta name=\"description\" content=\"Esfoliante viso che dona volume e luminosit\u00e0 con gli elementi provenienti dalla Costiera Amalfitana. Gel Esfoliante Enzimatico anche per corpo\" \/>\n<meta name=\"robots\" content=\"noindex, follow, max-snippet:-1, max-image-preview:large, max-video-preview:-1\" \/>\n<meta property=\"og:locale\" content=\"it_IT\" \/>\n<meta property=\"og:type\" content=\"article\" \/>\n<meta property=\"og:title\" content=\"Gel Esfoliante Enzimatico - Stimola rinnovamento cellulare - Jamalfi Bio\" \/>\n<meta property=\"og:description\" content=\"Dai nuovo volume e luminosit\u00e0 al tuo viso con il Gel Esfoliante Enzimatico Jamalfi con elementi provenienti dalla Costiera Amalfitana.\" \/>\n<meta property=\"og:url\" content=\"https:\/\/staging.jamalfi.bio\/it\/shop\/gel-esfoliante-enzimatico\/\" \/>\n<meta property=\"og:site_name\" content=\"Jamalfi Biocosmetics\" \/>\n<meta property=\"article:publisher\" content=\"http:\/\/www.facebook.com\/Jamalfibiocosmetics\/\" \/>\n<meta property=\"article:modified_time\" content=\"2022-12-22T13:41:11+00:00\" \/>\n<meta property=\"og:image\" content=\"https:\/\/staging.jamalfi.bio\/wp-content\/uploads\/2019\/07\/gel-esfoliante-XXX.jpg\" \/>\n\t<meta property=\"og:image:width\" content=\"1000\" \/>\n\t<meta property=\"og:image:height\" content=\"1500\" \/>\n\t<meta property=\"og:image:type\" content=\"image\/jpeg\" \/>\n<meta name=\"twitter:card\" content=\"summary_large_image\" \/>\n<meta name=\"twitter:label1\" content=\"Tempo di lettura stimato\" \/>\n\t<meta name=\"twitter:data1\" content=\"2 minuti\" \/>\n<script type=\"application\/ld+json\" class=\"yoast-schema-graph\">{\"@context\":\"https:\/\/schema.org\",\"@graph\":[{\"@type\":\"WebPage\",\"@id\":\"https:\/\/staging.jamalfi.bio\/it\/shop\/gel-esfoliante-enzimatico\/\",\"url\":\"https:\/\/staging.jamalfi.bio\/it\/shop\/gel-esfoliante-enzimatico\/\",\"name\":\"Esfoliante viso e corpo - Gel Esfoliante Enzimatico rinnovamento cellulare\",\"isPartOf\":{\"@id\":\"https:\/\/staging.jamalfi.bio\/it\/#website\"},\"primaryImageOfPage\":{\"@id\":\"https:\/\/staging.jamalfi.bio\/it\/shop\/gel-esfoliante-enzimatico\/#primaryimage\"},\"image\":{\"@id\":\"https:\/\/staging.jamalfi.bio\/it\/shop\/gel-esfoliante-enzimatico\/#primaryimage\"},\"thumbnailUrl\":\"https:\/\/staging.jamalfi.bio\/wp-content\/uploads\/2019\/07\/gel-esfoliante-viso.jpg\",\"datePublished\":\"2019-07-04T16:53:13+00:00\",\"dateModified\":\"2022-12-22T13:41:11+00:00\",\"description\":\"Esfoliante viso che dona volume e luminosit\u00e0 con gli elementi provenienti dalla Costiera Amalfitana. Gel Esfoliante Enzimatico anche per corpo\",\"breadcrumb\":{\"@id\":\"https:\/\/staging.jamalfi.bio\/it\/shop\/gel-esfoliante-enzimatico\/#breadcrumb\"},\"inLanguage\":\"it-IT\",\"potentialAction\":[{\"@type\":\"ReadAction\",\"target\":[\"https:\/\/staging.jamalfi.bio\/it\/shop\/gel-esfoliante-enzimatico\/\"]}]},{\"@type\":\"ImageObject\",\"inLanguage\":\"it-IT\",\"@id\":\"https:\/\/staging.jamalfi.bio\/it\/shop\/gel-esfoliante-enzimatico\/#primaryimage\",\"url\":\"https:\/\/staging.jamalfi.bio\/wp-content\/uploads\/2019\/07\/gel-esfoliante-viso.jpg\",\"contentUrl\":\"https:\/\/staging.jamalfi.bio\/wp-content\/uploads\/2019\/07\/gel-esfoliante-viso.jpg\",\"width\":600,\"height\":800,\"caption\":\"gel esfoliante enzimatico\"},{\"@type\":\"BreadcrumbList\",\"@id\":\"https:\/\/staging.jamalfi.bio\/it\/shop\/gel-esfoliante-enzimatico\/#breadcrumb\",\"itemListElement\":[{\"@type\":\"ListItem\",\"position\":1,\"name\":\"Home\",\"item\":\"https:\/\/staging.jamalfi.bio\/it\/\"},{\"@type\":\"ListItem\",\"position\":2,\"name\":\"Shop\",\"item\":\"https:\/\/staging.jamalfi.bio\/it\/negozio\/\"},{\"@type\":\"ListItem\",\"position\":3,\"name\":\"GEL ESFOLIANTE ENZIMATICO\"}]},{\"@type\":\"WebSite\",\"@id\":\"https:\/\/staging.jamalfi.bio\/it\/#website\",\"url\":\"https:\/\/staging.jamalfi.bio\/it\/\",\"name\":\"Jamalfi Biocosmetics\",\"description\":\"Beauty Rituals from Amalfi Coast\",\"potentialAction\":[{\"@type\":\"SearchAction\",\"target\":{\"@type\":\"EntryPoint\",\"urlTemplate\":\"https:\/\/staging.jamalfi.bio\/it\/?s={search_term_string}\"},\"query-input\":{\"@type\":\"PropertyValueSpecification\",\"valueRequired\":true,\"valueName\":\"search_term_string\"}}],\"inLanguage\":\"it-IT\"}]}<\/script>\n<!-- \/ Yoast SEO plugin. -->","yoast_head_json":{"title":"Esfoliante viso e corpo - Gel Esfoliante Enzimatico rinnovamento cellulare","description":"Esfoliante viso che dona volume e luminosit\u00e0 con gli elementi provenienti dalla Costiera Amalfitana. Gel Esfoliante Enzimatico anche per corpo","robots":{"index":"noindex","follow":"follow","max-snippet":"max-snippet:-1","max-image-preview":"max-image-preview:large","max-video-preview":"max-video-preview:-1"},"og_locale":"it_IT","og_type":"article","og_title":"Gel Esfoliante Enzimatico - Stimola rinnovamento cellulare - Jamalfi Bio","og_description":"Dai nuovo volume e luminosit\u00e0 al tuo viso con il Gel Esfoliante Enzimatico Jamalfi con elementi provenienti dalla Costiera Amalfitana.","og_url":"https:\/\/staging.jamalfi.bio\/it\/shop\/gel-esfoliante-enzimatico\/","og_site_name":"Jamalfi Biocosmetics","article_publisher":"http:\/\/www.facebook.com\/Jamalfibiocosmetics\/","article_modified_time":"2022-12-22T13:41:11+00:00","og_image":[{"width":1000,"height":1500,"url":"https:\/\/staging.jamalfi.bio\/wp-content\/uploads\/2019\/07\/gel-esfoliante-XXX.jpg","type":"image\/jpeg"}],"twitter_card":"summary_large_image","twitter_misc":{"Tempo di lettura stimato":"2 minuti"},"schema":{"@context":"https:\/\/schema.org","@graph":[{"@type":"WebPage","@id":"https:\/\/staging.jamalfi.bio\/it\/shop\/gel-esfoliante-enzimatico\/","url":"https:\/\/staging.jamalfi.bio\/it\/shop\/gel-esfoliante-enzimatico\/","name":"Esfoliante viso e corpo - Gel Esfoliante Enzimatico rinnovamento cellulare","isPartOf":{"@id":"https:\/\/staging.jamalfi.bio\/it\/#website"},"primaryImageOfPage":{"@id":"https:\/\/staging.jamalfi.bio\/it\/shop\/gel-esfoliante-enzimatico\/#primaryimage"},"image":{"@id":"https:\/\/staging.jamalfi.bio\/it\/shop\/gel-esfoliante-enzimatico\/#primaryimage"},"thumbnailUrl":"https:\/\/staging.jamalfi.bio\/wp-content\/uploads\/2019\/07\/gel-esfoliante-viso.jpg","datePublished":"2019-07-04T16:53:13+00:00","dateModified":"2022-12-22T13:41:11+00:00","description":"Esfoliante viso che dona volume e luminosit\u00e0 con gli elementi provenienti dalla Costiera Amalfitana. Gel Esfoliante Enzimatico anche per corpo","breadcrumb":{"@id":"https:\/\/staging.jamalfi.bio\/it\/shop\/gel-esfoliante-enzimatico\/#breadcrumb"},"inLanguage":"it-IT","potentialAction":[{"@type":"ReadAction","target":["https:\/\/staging.jamalfi.bio\/it\/shop\/gel-esfoliante-enzimatico\/"]}]},{"@type":"ImageObject","inLanguage":"it-IT","@id":"https:\/\/staging.jamalfi.bio\/it\/shop\/gel-esfoliante-enzimatico\/#primaryimage","url":"https:\/\/staging.jamalfi.bio\/wp-content\/uploads\/2019\/07\/gel-esfoliante-viso.jpg","contentUrl":"https:\/\/staging.jamalfi.bio\/wp-content\/uploads\/2019\/07\/gel-esfoliante-viso.jpg","width":600,"height":800,"caption":"gel esfoliante enzimatico"},{"@type":"BreadcrumbList","@id":"https:\/\/staging.jamalfi.bio\/it\/shop\/gel-esfoliante-enzimatico\/#breadcrumb","itemListElement":[{"@type":"ListItem","position":1,"name":"Home","item":"https:\/\/staging.jamalfi.bio\/it\/"},{"@type":"ListItem","position":2,"name":"Shop","item":"https:\/\/staging.jamalfi.bio\/it\/negozio\/"},{"@type":"ListItem","position":3,"name":"GEL ESFOLIANTE ENZIMATICO"}]},{"@type":"WebSite","@id":"https:\/\/staging.jamalfi.bio\/it\/#website","url":"https:\/\/staging.jamalfi.bio\/it\/","name":"Jamalfi Biocosmetics","description":"Beauty Rituals from Amalfi Coast","potentialAction":[{"@type":"SearchAction","target":{"@type":"EntryPoint","urlTemplate":"https:\/\/staging.jamalfi.bio\/it\/?s={search_term_string}"},"query-input":{"@type":"PropertyValueSpecification","valueRequired":true,"valueName":"search_term_string"}}],"inLanguage":"it-IT"}]}},"_links":{"self":[{"href":"https:\/\/staging.jamalfi.bio\/it\/wp-json\/wp\/v2\/product\/25915"}],"collection":[{"href":"https:\/\/staging.jamalfi.bio\/it\/wp-json\/wp\/v2\/product"}],"about":[{"href":"https:\/\/staging.jamalfi.bio\/it\/wp-json\/wp\/v2\/types\/product"}],"replies":[{"embeddable":true,"href":"https:\/\/staging.jamalfi.bio\/it\/wp-json\/wp\/v2\/comments?post=25915"}],"wp:featuredmedia":[{"embeddable":true,"href":"https:\/\/staging.jamalfi.bio\/it\/wp-json\/wp\/v2\/media\/25928"}],"wp:attachment":[{"href":"https:\/\/staging.jamalfi.bio\/it\/wp-json\/wp\/v2\/media?parent=25915"}],"wp:term":[{"taxonomy":"product_cat","embeddable":true,"href":"https:\/\/staging.jamalfi.bio\/it\/wp-json\/wp\/v2\/product_cat?post=25915"},{"taxonomy":"product_tag","embeddable":true,"href":"https:\/\/staging.jamalfi.bio\/it\/wp-json\/wp\/v2\/product_tag?post=25915"}],"curies":[{"name":"wp","href":"https:\/\/api.w.org\/{rel}","templated":true}]}}